{"id":2986,"date":"2025-12-29T13:45:55","date_gmt":"2025-12-29T13:45:55","guid":{"rendered":"https:\/\/impactsci.org\/?page_id=2986"},"modified":"2026-04-10T13:23:12","modified_gmt":"2026-04-10T13:23:12","slug":"newsletter","status":"publish","type":"page","link":"https:\/\/impactsci.org\/pt\/newsletter\/","title":{"rendered":"Subscribe Newsletter"},"content":{"rendered":"<div data-elementor-type=\"wp-page\" data-elementor-id=\"2986\" class=\"elementor elementor-2986\">\n\t\t\t\t\t\t<section class=\"elementor-section elementor-top-section elementor-element elementor-element-49xgdv5 elementor-section-content-middle elementor-reverse-mobile elementor-section-boxed elementor-section-height-default elementor-section-height-default\" data-id=\"49xgdv5\" data-element_type=\"section\" data-e-type=\"section\" data-settings=\"{&quot;background_background&quot;:&quot;gradient&quot;}\">\n\t\t\t\t\t\t\t<div class=\"elementor-background-overlay\"><\/div>\n\t\t\t\t\t\t\t<div class=\"elementor-container elementor-column-gap-default\">\n\t\t\t\t\t<div class=\"elementor-column elementor-col-100 elementor-top-column elementor-element elementor-element-0ca8923\" data-id=\"0ca8923\" data-element_type=\"column\" data-e-type=\"column\">\n\t\t\t<div class=\"elementor-widget-wrap elementor-element-populated\">\n\t\t\t\t\t\t<div class=\"elementor-element elementor-element-cc8f1d3 elementor-widget elementor-widget-image\" data-id=\"cc8f1d3\" data-element_type=\"widget\" data-e-type=\"widget\" data-widget_type=\"image.default\">\n\t\t\t\t<div class=\"elementor-widget-container\">\n\t\t\t\t\t\t\t\t\t\t\t\t\t\t\t<img fetchpriority=\"high\" decoding=\"async\" width=\"446\" height=\"123\" src=\"https:\/\/impactsci.org\/wp-content\/uploads\/2025\/12\/logo_vectorial_white-website-05.svg\" class=\"attachment-large size-large wp-image-2858\" alt=\"\" \/>\t\t\t\t\t\t\t\t\t\t\t\t\t\t\t<\/div>\n\t\t\t\t<\/div>\n\t\t\t\t<div class=\"elementor-element elementor-element-8bf8f82 elementor-widget elementor-widget-heading\" data-id=\"8bf8f82\" data-element_type=\"widget\" data-e-type=\"widget\" data-widget_type=\"heading.default\">\n\t\t\t\t<div class=\"elementor-widget-container\">\n\t\t\t\t\t<h1 class=\"elementor-heading-title elementor-size-default\">Subscribe to the IMPACTsci newsletter<\/h1>\t\t\t\t<\/div>\n\t\t\t\t<\/div>\n\t\t\t\t<div class=\"elementor-element elementor-element-b2eb206 elementor-widget elementor-widget-text-editor\" data-id=\"b2eb206\" data-element_type=\"widget\" data-e-type=\"widget\" data-widget_type=\"text-editor.default\">\n\t\t\t\t<div class=\"elementor-widget-container\">\n\t\t\t\t\t\t\t\t\t<p>Evidence-based insights and practical tools for inclusive learning and neurodiversity-informed practice.<\/p>\t\t\t\t\t\t\t\t<\/div>\n\t\t\t\t<\/div>\n\t\t\t\t<div class=\"elementor-element elementor-element-42988cc elementor-widget elementor-widget-image\" data-id=\"42988cc\" data-element_type=\"widget\" data-e-type=\"widget\" data-widget_type=\"image.default\">\n\t\t\t\t<div class=\"elementor-widget-container\">\n\t\t\t\t\t\t\t\t\t\t\t\t\t\t\t<img decoding=\"async\" width=\"621\" height=\"328\" src=\"https:\/\/impactsci.org\/wp-content\/uploads\/2025\/12\/GDS-Evento-Mundial-I-2.png\" class=\"attachment-large size-large wp-image-3051\" alt=\"\" srcset=\"https:\/\/impactsci.org\/wp-content\/uploads\/2025\/12\/GDS-Evento-Mundial-I-2.png 621w, https:\/\/impactsci.org\/wp-content\/uploads\/2025\/12\/GDS-Evento-Mundial-I-2-300x158.png 300w\" sizes=\"(max-width: 621px) 100vw, 621px\" \/>\t\t\t\t\t\t\t\t\t\t\t\t\t\t\t<\/div>\n\t\t\t\t<\/div>\n\t\t\t\t\t<\/div>\n\t\t<\/div>\n\t\t\t\t\t<\/div>\n\t\t<\/section>\n\t\t\t\t<section class=\"elementor-section elementor-top-section elementor-element elementor-element-wtewjf0 elementor-section-content-top elementor-section-boxed elementor-section-height-default elementor-section-height-default\" data-id=\"wtewjf0\" data-element_type=\"section\" data-e-type=\"section\" data-settings=\"{&quot;background_background&quot;:&quot;classic&quot;}\">\n\t\t\t\t\t\t\t<div class=\"elementor-background-overlay\"><\/div>\n\t\t\t\t\t\t\t<div class=\"elementor-container elementor-column-gap-no\">\n\t\t\t\t\t<div class=\"elementor-column elementor-col-33 elementor-top-column elementor-element elementor-element-dae59b1\" data-id=\"dae59b1\" data-element_type=\"column\" data-e-type=\"column\">\n\t\t\t<div class=\"elementor-widget-wrap elementor-element-populated\">\n\t\t\t\t\t\t<div class=\"elementor-element elementor-element-c163e08 elementor-widget elementor-widget-text-editor\" data-id=\"c163e08\" data-element_type=\"widget\" data-e-type=\"widget\" data-widget_type=\"text-editor.default\">\n\t\t\t\t<div class=\"elementor-widget-container\">\n\t\t\t\t\t\t\t\t\t<p>Practical strategies for inclusive education and workplace learning<\/p>\t\t\t\t\t\t\t\t<\/div>\n\t\t\t\t<\/div>\n\t\t\t\t\t<\/div>\n\t\t<\/div>\n\t\t\t\t<div class=\"elementor-column elementor-col-33 elementor-top-column elementor-element elementor-element-690ed9e\" data-id=\"690ed9e\" data-element_type=\"column\" data-e-type=\"column\">\n\t\t\t<div class=\"elementor-widget-wrap elementor-element-populated\">\n\t\t\t\t\t\t<div class=\"elementor-element elementor-element-5e382e9 elementor-widget elementor-widget-text-editor\" data-id=\"5e382e9\" data-element_type=\"widget\" data-e-type=\"widget\" data-widget_type=\"text-editor.default\">\n\t\t\t\t<div class=\"elementor-widget-container\">\n\t\t\t\t\t\t\t\t\t<p>Briefs, templates and resources you can apply immediately<\/p>\t\t\t\t\t\t\t\t<\/div>\n\t\t\t\t<\/div>\n\t\t\t\t\t<\/div>\n\t\t<\/div>\n\t\t\t\t<div class=\"elementor-column elementor-col-33 elementor-top-column elementor-element elementor-element-a8709b1\" data-id=\"a8709b1\" data-element_type=\"column\" data-e-type=\"column\">\n\t\t\t<div class=\"elementor-widget-wrap elementor-element-populated\">\n\t\t\t\t\t\t<div class=\"elementor-element elementor-element-0e64f90 elementor-widget elementor-widget-text-editor\" data-id=\"0e64f90\" data-element_type=\"widget\" data-e-type=\"widget\" data-widget_type=\"text-editor.default\">\n\t\t\t\t<div class=\"elementor-widget-container\">\n\t\t\t\t\t\t\t\t\t<p>Updates from our projects, partnerships and research work across Europe<\/p>\t\t\t\t\t\t\t\t<\/div>\n\t\t\t\t<\/div>\n\t\t\t\t\t<\/div>\n\t\t<\/div>\n\t\t\t\t\t<\/div>\n\t\t<\/section>\n\t\t\t\t<section class=\"elementor-section elementor-top-section elementor-element elementor-element-dw0bsob elementor-section-content-top elementor-section-boxed elementor-section-height-default elementor-section-height-default\" data-id=\"dw0bsob\" data-element_type=\"section\" data-e-type=\"section\" data-settings=\"{&quot;background_background&quot;:&quot;classic&quot;}\">\n\t\t\t\t\t\t\t<div class=\"elementor-background-overlay\"><\/div>\n\t\t\t\t\t\t\t<div class=\"elementor-container elementor-column-gap-default\">\n\t\t\t\t\t<div class=\"elementor-column elementor-col-100 elementor-top-column elementor-element elementor-element-36e7ccd\" data-id=\"36e7ccd\" data-element_type=\"column\" data-e-type=\"column\">\n\t\t\t<div class=\"elementor-widget-wrap elementor-element-populated\">\n\t\t\t\t\t\t<div class=\"elementor-element elementor-element-0806230 elementor-widget elementor-widget-heading\" data-id=\"0806230\" data-element_type=\"widget\" data-e-type=\"widget\" data-widget_type=\"heading.default\">\n\t\t\t\t<div class=\"elementor-widget-container\">\n\t\t\t\t\t<h2 class=\"elementor-heading-title elementor-size-default\">Subscribe our newsletter<\/h2>\t\t\t\t<\/div>\n\t\t\t\t<\/div>\n\t\t\t\t<div class=\"elementor-element elementor-element-27a622b elementor-widget elementor-widget-text-editor\" data-id=\"27a622b\" data-element_type=\"widget\" data-e-type=\"widget\" data-widget_type=\"text-editor.default\">\n\t\t\t\t<div class=\"elementor-widget-container\">\n\t\t\t\t\t\t\t\t\t<p>If you work in education, training, higher education, youth, or inclusion and want to stay informed with exclusive insights on neurodiversity.<\/p>\t\t\t\t\t\t\t\t<\/div>\n\t\t\t\t<\/div>\n\t\t\t\t<div class=\"elementor-element elementor-element-a1af02d elementor-align-center elementor-widget elementor-widget-button\" data-id=\"a1af02d\" data-element_type=\"widget\" data-e-type=\"widget\" data-widget_type=\"button.default\">\n\t\t\t\t<div class=\"elementor-widget-container\">\n\t\t\t\t\t\t\t\t\t<div class=\"elementor-button-wrapper\">\n\t\t\t\t\t<a class=\"elementor-button elementor-button-link elementor-size-sm\" href=\"https:\/\/preview.mailerlite.io\/forms\/1940891\/174524867341714636\/share\">\n\t\t\t\t\t\t<span class=\"elementor-button-content-wrapper\">\n\t\t\t\t\t\t\t\t\t<span class=\"elementor-button-text\">Get the next issue<\/span>\n\t\t\t\t\t<\/span>\n\t\t\t\t\t<\/a>\n\t\t\t\t<\/div>\n\t\t\t\t\t\t\t\t<\/div>\n\t\t\t\t<\/div>\n\t\t\t\t<div class=\"elementor-element elementor-element-2ce5479 elementor-widget elementor-widget-text-editor\" data-id=\"2ce5479\" data-element_type=\"widget\" data-e-type=\"widget\" data-widget_type=\"text-editor.default\">\n\t\t\t\t<div class=\"elementor-widget-container\">\n\t\t\t\t\t\t\t\t\t<p>No spam. Expect 2\u20133 emails per year. Unsubscribe anytime. Privacy-first.<\/p>\t\t\t\t\t\t\t\t<\/div>\n\t\t\t\t<\/div>\n\t\t\t\t<div class=\"elementor-element elementor-element-e729a4a elementor-widget elementor-widget-heading\" data-id=\"e729a4a\" data-element_type=\"widget\" data-e-type=\"widget\" data-widget_type=\"heading.default\">\n\t\t\t\t<div class=\"elementor-widget-container\">\n\t\t\t\t\t<h5 class=\"elementor-heading-title elementor-size-default\">Follow our work<\/h5>\t\t\t\t<\/div>\n\t\t\t\t<\/div>\n\t\t\t\t<div class=\"elementor-element elementor-element-610fe6f elementor-widget elementor-widget-text-editor\" data-id=\"610fe6f\" data-element_type=\"widget\" data-e-type=\"widget\" data-widget_type=\"text-editor.default\">\n\t\t\t\t<div class=\"elementor-widget-container\">\n\t\t\t\t\t\t\t\t\t<p>We develop inclusive education solutions that promote equity, participation, and meaningful learning.<\/p>\t\t\t\t\t\t\t\t<\/div>\n\t\t\t\t<\/div>\n\t\t\t\t<div class=\"elementor-element elementor-element-da0ac77 elementor-shape-rounded elementor-grid-0 e-grid-align-center elementor-widget elementor-widget-social-icons\" data-id=\"da0ac77\" data-element_type=\"widget\" data-e-type=\"widget\" data-widget_type=\"social-icons.default\">\n\t\t\t\t<div class=\"elementor-widget-container\">\n\t\t\t\t\t\t\t<div class=\"elementor-social-icons-wrapper elementor-grid\" role=\"list\">\n\t\t\t\t\t\t\t<span class=\"elementor-grid-item\" role=\"listitem\">\n\t\t\t\t\t<a class=\"elementor-icon elementor-social-icon elementor-social-icon-instagram elementor-repeater-item-11307b2\" href=\"https:\/\/www.instagram.com\/impactsci\/\" target=\"_blank\">\n\t\t\t\t\t\t<span class=\"elementor-screen-only\">Instagram<\/span>\n\t\t\t\t\t\t<i aria-hidden=\"true\" class=\"fab fa-instagram\"><\/i>\t\t\t\t\t<\/a>\n\t\t\t\t<\/span>\n\t\t\t\t\t\t\t<span class=\"elementor-grid-item\" role=\"listitem\">\n\t\t\t\t\t<a class=\"elementor-icon elementor-social-icon elementor-social-icon-linkedin elementor-repeater-item-f861f8a\" href=\"https:\/\/www.linkedin.com\/company\/impactsci\" target=\"_blank\">\n\t\t\t\t\t\t<span class=\"elementor-screen-only\">Linkedin<\/span>\n\t\t\t\t\t\t<i aria-hidden=\"true\" class=\"fab fa-linkedin\"><\/i>\t\t\t\t\t<\/a>\n\t\t\t\t<\/span>\n\t\t\t\t\t\t\t<span class=\"elementor-grid-item\" role=\"listitem\">\n\t\t\t\t\t<a class=\"elementor-icon elementor-social-icon elementor-social-icon-youtube elementor-repeater-item-95f121b\" href=\"https:\/\/www.youtube.com\/@IMPACTsci\" target=\"_blank\">\n\t\t\t\t\t\t<span class=\"elementor-screen-only\">Youtube<\/span>\n\t\t\t\t\t\t<i aria-hidden=\"true\" class=\"fab fa-youtube\"><\/i>\t\t\t\t\t<\/a>\n\t\t\t\t<\/span>\n\t\t\t\t\t\t\t<span class=\"elementor-grid-item\" role=\"listitem\">\n\t\t\t\t\t<a class=\"elementor-icon elementor-social-icon elementor-social-icon-x-twitter elementor-repeater-item-5b14db5\" href=\"http:\/\/x.com\/impactsci\" target=\"_blank\">\n\t\t\t\t\t\t<span class=\"elementor-screen-only\">X-twitter<\/span>\n\t\t\t\t\t\t<i aria-hidden=\"true\" class=\"fab fa-x-twitter\"><\/i>\t\t\t\t\t<\/a>\n\t\t\t\t<\/span>\n\t\t\t\t\t\t\t<span class=\"elementor-grid-item\" role=\"listitem\">\n\t\t\t\t\t<a class=\"elementor-icon elementor-social-icon elementor-social-icon-facebook elementor-repeater-item-3d78cdb\" href=\"https:\/\/www.facebook.com\/IMPACTsci\" target=\"_blank\">\n\t\t\t\t\t\t<span class=\"elementor-screen-only\">Facebook<\/span>\n\t\t\t\t\t\t<i aria-hidden=\"true\" class=\"fab fa-facebook\"><\/i>\t\t\t\t\t<\/a>\n\t\t\t\t<\/span>\n\t\t\t\t\t<\/div>\n\t\t\t\t\t\t<\/div>\n\t\t\t\t<\/div>\n\t\t\t\t\t<\/div>\n\t\t<\/div>\n\t\t\t\t\t<\/div>\n\t\t<\/section>\n\t\t\t\t<\/div>","protected":false},"excerpt":{"rendered":"<p>Subscribe to the IMPACTsci newsletter Evidence-based insights and practical tools for inclusive learning and neurodiversity-informed practice. Practical strategies for inclusive education and workplace learning Briefs, templates and resources you can apply immediately Updates from our projects, partnerships and research work across Europe Subscribe our newsletter If you work in education, training, higher education, youth, or [&hellip;]<\/p>\n","protected":false},"author":1,"featured_media":0,"parent":0,"menu_order":0,"comment_status":"closed","ping_status":"closed","template":"elementor_canvas","meta":{"site-sidebar-layout":"no-sidebar","site-content-layout":"page-builder","ast-site-content-layout":"full-width-container","site-content-style":"default","site-sidebar-style":"default","ast-global-header-display":"","ast-banner-title-visibility":"","ast-main-header-display":"","ast-hfb-above-header-display":"","ast-hfb-below-header-display":"","ast-hfb-mobile-header-display":"","site-post-title":"","ast-breadcrumbs-content":"","ast-featured-img":"disabled","footer-sml-layout":"","theme-transparent-header-meta":"","adv-header-id-meta":"","stick-header-meta":"","header-above-stick-meta":"","header-main-stick-meta":"","header-below-stick-meta":"","astra-migrate-meta-layouts":"set","ast-page-background-enabled":"default","ast-page-background-meta":{"desktop":{"background-color":"var(--ast-global-color-4)","background-image":"","background-repeat":"repeat","background-position":"center center","background-size":"auto","background-attachment":"scroll","background-type":"","background-media":"","overlay-type":"","overlay-color":"","overlay-opacity":"","overlay-gradient":""},"tablet":{"background-color":"","background-image":"","background-repeat":"repeat","background-position":"center center","background-size":"auto","background-attachment":"scroll","background-type":"","background-media":"","overlay-type":"","overlay-color":"","overlay-opacity":"","overlay-gradient":""},"mobile":{"background-color":"","background-image":"","background-repeat":"repeat","background-position":"center center","background-size":"auto","background-attachment":"scroll","background-type":"","background-media":"","overlay-type":"","overlay-color":"","overlay-opacity":"","overlay-gradient":""}},"ast-content-background-meta":{"desktop":{"background-color":"var(--ast-global-color-5)","background-image":"","background-repeat":"repeat","background-position":"center center","background-size":"auto","background-attachment":"scroll","background-type":"","background-media":"","overlay-type":"","overlay-color":"","overlay-opacity":"","overlay-gradient":""},"tablet":{"background-color":"var(--ast-global-color-5)","background-image":"","background-repeat":"repeat","background-position":"center center","background-size":"auto","background-attachment":"scroll","background-type":"","background-media":"","overlay-type":"","overlay-color":"","overlay-opacity":"","overlay-gradient":""},"mobile":{"background-color":"var(--ast-global-color-5)","background-image":"","background-repeat":"repeat","background-position":"center center","background-size":"auto","background-attachment":"scroll","background-type":"","background-media":"","overlay-type":"","overlay-color":"","overlay-opacity":"","overlay-gradient":""}},"footnotes":""},"class_list":["post-2986","page","type-page","status-publish","hentry"],"yoast_head":"<!-- This site is optimized with the Yoast SEO Premium plugin v27.3 (Yoast SEO v27.3) - https:\/\/yoast.com\/product\/yoast-seo-premium-wordpress\/ -->\n<title>Parceiro de Inclus\u00e3o para projetos europeus<\/title>\n<meta name=\"description\" content=\"Forma\u00e7\u00e3o, design inclusivo e ferramentas com base cient\u00edfica. Parceiro de inclus\u00e3o para projetos europeus liderado por neurodivergentes.\" \/>\n<meta name=\"robots\" content=\"index, follow, max-snippet:-1, max-image-preview:large, max-video-preview:-1\" \/>\n<link rel=\"canonical\" href=\"https:\/\/impactsci.org\/pt\/newsletter\/\" \/>\n<meta property=\"og:locale\" content=\"pt_PT\" \/>\n<meta property=\"og:type\" content=\"article\" \/>\n<meta property=\"og:title\" content=\"Subscribe Newsletter\" \/>\n<meta property=\"og:description\" content=\"Forma\u00e7\u00e3o, design inclusivo e ferramentas com base cient\u00edfica. Parceiro de inclus\u00e3o para projetos europeus liderado por neurodivergentes.\" \/>\n<meta property=\"og:url\" content=\"https:\/\/impactsci.org\/pt\/newsletter\/\" \/>\n<meta property=\"og:site_name\" content=\"Impactsci\" \/>\n<meta property=\"article:publisher\" content=\"https:\/\/www.facebook.com\/IMPACTsci\/\" \/>\n<meta property=\"article:modified_time\" content=\"2026-04-10T13:23:12+00:00\" \/>\n<meta property=\"og:image\" content=\"https:\/\/impactsci.org\/wp-content\/uploads\/2025\/11\/logo.png\" \/>\n\t<meta property=\"og:image:width\" content=\"500\" \/>\n\t<meta property=\"og:image:height\" content=\"500\" \/>\n\t<meta property=\"og:image:type\" content=\"image\/png\" \/>\n<meta name=\"twitter:card\" content=\"summary_large_image\" \/>\n<meta name=\"twitter:site\" content=\"@IMPACTsci\" \/>\n<meta name=\"twitter:label1\" content=\"Tempo estimado de leitura\" \/>\n\t<meta name=\"twitter:data1\" content=\"1 minuto\" \/>\n<script type=\"application\/ld+json\" class=\"yoast-schema-graph\">{\"@context\":\"https:\\\/\\\/schema.org\",\"@graph\":[{\"@type\":\"WebPage\",\"@id\":\"https:\\\/\\\/impactsci.org\\\/newsletter\\\/\",\"url\":\"https:\\\/\\\/impactsci.org\\\/newsletter\\\/\",\"name\":\"Parceiro de Inclus\u00e3o para projetos europeus\",\"isPartOf\":{\"@id\":\"https:\\\/\\\/impactsci.org\\\/#website\"},\"primaryImageOfPage\":{\"@id\":\"https:\\\/\\\/impactsci.org\\\/newsletter\\\/#primaryimage\"},\"image\":{\"@id\":\"https:\\\/\\\/impactsci.org\\\/newsletter\\\/#primaryimage\"},\"thumbnailUrl\":\"https:\\\/\\\/impactsci.org\\\/wp-content\\\/uploads\\\/2025\\\/12\\\/logo_vectorial_white-website-05.svg\",\"datePublished\":\"2025-12-29T13:45:55+00:00\",\"dateModified\":\"2026-04-10T13:23:12+00:00\",\"description\":\"Forma\u00e7\u00e3o, design inclusivo e ferramentas com base cient\u00edfica. Parceiro de inclus\u00e3o para projetos europeus liderado por neurodivergentes.\",\"breadcrumb\":{\"@id\":\"https:\\\/\\\/impactsci.org\\\/newsletter\\\/#breadcrumb\"},\"inLanguage\":\"pt-PT\",\"potentialAction\":[{\"@type\":\"ReadAction\",\"target\":[\"https:\\\/\\\/impactsci.org\\\/newsletter\\\/\"]}]},{\"@type\":\"ImageObject\",\"inLanguage\":\"pt-PT\",\"@id\":\"https:\\\/\\\/impactsci.org\\\/newsletter\\\/#primaryimage\",\"url\":\"https:\\\/\\\/impactsci.org\\\/wp-content\\\/uploads\\\/2025\\\/12\\\/logo_vectorial_white-website-05.svg\",\"contentUrl\":\"https:\\\/\\\/impactsci.org\\\/wp-content\\\/uploads\\\/2025\\\/12\\\/logo_vectorial_white-website-05.svg\"},{\"@type\":\"BreadcrumbList\",\"@id\":\"https:\\\/\\\/impactsci.org\\\/newsletter\\\/#breadcrumb\",\"itemListElement\":[{\"@type\":\"ListItem\",\"position\":1,\"name\":\"Home\",\"item\":\"https:\\\/\\\/impactsci.org\\\/\"},{\"@type\":\"ListItem\",\"position\":2,\"name\":\"Subscribe Newsletter\"}]},{\"@type\":\"WebSite\",\"@id\":\"https:\\\/\\\/impactsci.org\\\/#website\",\"url\":\"https:\\\/\\\/impactsci.org\\\/\",\"name\":\"Impactsci\",\"description\":\"Innovative, inclusive and research driven solutions\",\"publisher\":{\"@id\":\"https:\\\/\\\/impactsci.org\\\/#organization\"},\"potentialAction\":[{\"@type\":\"SearchAction\",\"target\":{\"@type\":\"EntryPoint\",\"urlTemplate\":\"https:\\\/\\\/impactsci.org\\\/?s={search_term_string}\"},\"query-input\":{\"@type\":\"PropertyValueSpecification\",\"valueRequired\":true,\"valueName\":\"search_term_string\"}}],\"inLanguage\":\"pt-PT\"},{\"@type\":\"Organization\",\"@id\":\"https:\\\/\\\/impactsci.org\\\/#organization\",\"name\":\"Impactsci\",\"url\":\"https:\\\/\\\/impactsci.org\\\/\",\"logo\":{\"@type\":\"ImageObject\",\"inLanguage\":\"pt-PT\",\"@id\":\"https:\\\/\\\/impactsci.org\\\/#\\\/schema\\\/logo\\\/image\\\/\",\"url\":\"https:\\\/\\\/impactsci.org\\\/wp-content\\\/uploads\\\/2025\\\/11\\\/cropped-logo.png\",\"contentUrl\":\"https:\\\/\\\/impactsci.org\\\/wp-content\\\/uploads\\\/2025\\\/11\\\/cropped-logo.png\",\"width\":512,\"height\":512,\"caption\":\"Impactsci\"},\"image\":{\"@id\":\"https:\\\/\\\/impactsci.org\\\/#\\\/schema\\\/logo\\\/image\\\/\"},\"sameAs\":[\"https:\\\/\\\/www.facebook.com\\\/IMPACTsci\\\/\",\"https:\\\/\\\/x.com\\\/IMPACTsci\",\"https:\\\/\\\/www.instagram.com\\\/impactsci\\\/\",\"https:\\\/\\\/www.youtube.com\\\/@IMPACTsci\",\"https:\\\/\\\/www.linkedin.com\\\/company\\\/impactsci\"]}]}<\/script>\n<!-- \/ Yoast SEO Premium plugin. -->","yoast_head_json":{"title":"Parceiro de Inclus\u00e3o para projetos europeus","description":"Forma\u00e7\u00e3o, design inclusivo e ferramentas com base cient\u00edfica. Parceiro de inclus\u00e3o para projetos europeus liderado por neurodivergentes.","robots":{"index":"index","follow":"follow","max-snippet":"max-snippet:-1","max-image-preview":"max-image-preview:large","max-video-preview":"max-video-preview:-1"},"canonical":"https:\/\/impactsci.org\/pt\/newsletter\/","og_locale":"pt_PT","og_type":"article","og_title":"Subscribe Newsletter","og_description":"Forma\u00e7\u00e3o, design inclusivo e ferramentas com base cient\u00edfica. Parceiro de inclus\u00e3o para projetos europeus liderado por neurodivergentes.","og_url":"https:\/\/impactsci.org\/pt\/newsletter\/","og_site_name":"Impactsci","article_publisher":"https:\/\/www.facebook.com\/IMPACTsci\/","article_modified_time":"2026-04-10T13:23:12+00:00","og_image":[{"width":500,"height":500,"url":"https:\/\/impactsci.org\/wp-content\/uploads\/2025\/11\/logo.png","type":"image\/png"}],"twitter_card":"summary_large_image","twitter_site":"@IMPACTsci","twitter_misc":{"Tempo estimado de leitura":"1 minuto"},"schema":{"@context":"https:\/\/schema.org","@graph":[{"@type":"WebPage","@id":"https:\/\/impactsci.org\/newsletter\/","url":"https:\/\/impactsci.org\/newsletter\/","name":"Parceiro de Inclus\u00e3o para projetos europeus","isPartOf":{"@id":"https:\/\/impactsci.org\/#website"},"primaryImageOfPage":{"@id":"https:\/\/impactsci.org\/newsletter\/#primaryimage"},"image":{"@id":"https:\/\/impactsci.org\/newsletter\/#primaryimage"},"thumbnailUrl":"https:\/\/impactsci.org\/wp-content\/uploads\/2025\/12\/logo_vectorial_white-website-05.svg","datePublished":"2025-12-29T13:45:55+00:00","dateModified":"2026-04-10T13:23:12+00:00","description":"Forma\u00e7\u00e3o, design inclusivo e ferramentas com base cient\u00edfica. Parceiro de inclus\u00e3o para projetos europeus liderado por neurodivergentes.","breadcrumb":{"@id":"https:\/\/impactsci.org\/newsletter\/#breadcrumb"},"inLanguage":"pt-PT","potentialAction":[{"@type":"ReadAction","target":["https:\/\/impactsci.org\/newsletter\/"]}]},{"@type":"ImageObject","inLanguage":"pt-PT","@id":"https:\/\/impactsci.org\/newsletter\/#primaryimage","url":"https:\/\/impactsci.org\/wp-content\/uploads\/2025\/12\/logo_vectorial_white-website-05.svg","contentUrl":"https:\/\/impactsci.org\/wp-content\/uploads\/2025\/12\/logo_vectorial_white-website-05.svg"},{"@type":"BreadcrumbList","@id":"https:\/\/impactsci.org\/newsletter\/#breadcrumb","itemListElement":[{"@type":"ListItem","position":1,"name":"Home","item":"https:\/\/impactsci.org\/"},{"@type":"ListItem","position":2,"name":"Subscribe Newsletter"}]},{"@type":"WebSite","@id":"https:\/\/impactsci.org\/#website","url":"https:\/\/impactsci.org\/","name":"Impactsci","description":"Innovative, inclusive and research driven solutions","publisher":{"@id":"https:\/\/impactsci.org\/#organization"},"potentialAction":[{"@type":"SearchAction","target":{"@type":"EntryPoint","urlTemplate":"https:\/\/impactsci.org\/?s={search_term_string}"},"query-input":{"@type":"PropertyValueSpecification","valueRequired":true,"valueName":"search_term_string"}}],"inLanguage":"pt-PT"},{"@type":"Organization","@id":"https:\/\/impactsci.org\/#organization","name":"Impactsci","url":"https:\/\/impactsci.org\/","logo":{"@type":"ImageObject","inLanguage":"pt-PT","@id":"https:\/\/impactsci.org\/#\/schema\/logo\/image\/","url":"https:\/\/impactsci.org\/wp-content\/uploads\/2025\/11\/cropped-logo.png","contentUrl":"https:\/\/impactsci.org\/wp-content\/uploads\/2025\/11\/cropped-logo.png","width":512,"height":512,"caption":"Impactsci"},"image":{"@id":"https:\/\/impactsci.org\/#\/schema\/logo\/image\/"},"sameAs":["https:\/\/www.facebook.com\/IMPACTsci\/","https:\/\/x.com\/IMPACTsci","https:\/\/www.instagram.com\/impactsci\/","https:\/\/www.youtube.com\/@IMPACTsci","https:\/\/www.linkedin.com\/company\/impactsci"]}]}},"_hostinger_reach_plugin_has_subscription_block":false,"_hostinger_reach_plugin_is_elementor":false,"rttpg_featured_image_url":null,"rttpg_author":{"display_name":"hello.impactsci@gmail.com","author_link":"https:\/\/impactsci.org\/pt\/author\/hello-impactscigmail-com\/"},"rttpg_comment":0,"rttpg_category":null,"rttpg_excerpt":"Subscribe to the IMPACTsci newsletter Evidence-based insights and practical tools for inclusive learning and neurodiversity-informed practice. Practical strategies for inclusive education and workplace learning Briefs, templates and resources you can apply immediately Updates from our projects, partnerships and research work across Europe Subscribe our newsletter If you work in education, training, higher education, youth, or&hellip;","_links":{"self":[{"href":"https:\/\/impactsci.org\/pt\/wp-json\/wp\/v2\/pages\/2986","targetHints":{"allow":["GET"]}}],"collection":[{"href":"https:\/\/impactsci.org\/pt\/wp-json\/wp\/v2\/pages"}],"about":[{"href":"https:\/\/impactsci.org\/pt\/wp-json\/wp\/v2\/types\/page"}],"author":[{"embeddable":true,"href":"https:\/\/impactsci.org\/pt\/wp-json\/wp\/v2\/users\/1"}],"replies":[{"embeddable":true,"href":"https:\/\/impactsci.org\/pt\/wp-json\/wp\/v2\/comments?post=2986"}],"version-history":[{"count":73,"href":"https:\/\/impactsci.org\/pt\/wp-json\/wp\/v2\/pages\/2986\/revisions"}],"predecessor-version":[{"id":3431,"href":"https:\/\/impactsci.org\/pt\/wp-json\/wp\/v2\/pages\/2986\/revisions\/3431"}],"wp:attachment":[{"href":"https:\/\/impactsci.org\/pt\/wp-json\/wp\/v2\/media?parent=2986"}],"curies":[{"name":"wp","href":"https:\/\/api.w.org\/{rel}","templated":true}]}}